{"id":370,"date":"2025-12-03T02:36:16","date_gmt":"2025-12-03T02:36:16","guid":{"rendered":"https:\/\/miamihomekaraoke.com\/?page_id=370"},"modified":"2025-12-03T03:46:58","modified_gmt":"2025-12-03T03:46:58","slug":"cocktail-menu-karaoke-edition","status":"publish","type":"page","link":"https:\/\/miamihomekaraoke.com\/es\/cocktail-menu-karaoke-edition\/","title":{"rendered":"MEN\u00da DE COCTELES \u2013 EDICI\u00d3N KARAOKE"},"content":{"rendered":"<div class=\"wp-block-cover alignfull has-parallax\"><div class=\"wp-block-cover__image-background wp-image-373 size-full has-parallax\" style=\"background-position:50% 50%;background-image:url(https:\/\/miamihomekaraoke.com\/wp-content\/uploads\/2025\/12\/depositphotos_184490942-stock-photo-mojito-cocktail-making.webp)\"><\/div><span aria-hidden=\"true\" class=\"wp-block-cover__background has-background-dim-30 has-background-dim\" style=\"background-color:#4c534c\"><\/span><div class=\"wp-block-cover__inner-container has-global-padding is-layout-constrained wp-block-cover-is-layout-constrained\">\n<div class=\"wp-block-media-text is-stacked-on-mobile\" style=\"grid-template-columns:21% auto\"><figure class=\"wp-block-media-text__media\"><img loading=\"lazy\" decoding=\"async\" width=\"1024\" height=\"1024\" src=\"https:\/\/miamihomekaraoke.com\/wp-content\/uploads\/2025\/12\/caipirinha-072816-1024x1024.webp\" alt=\"\" class=\"wp-image-383 size-full\" srcset=\"https:\/\/miamihomekaraoke.com\/wp-content\/uploads\/2025\/12\/caipirinha-072816-1024x1024.webp 1024w, https:\/\/miamihomekaraoke.com\/wp-content\/uploads\/2025\/12\/caipirinha-072816-300x300.webp 300w, https:\/\/miamihomekaraoke.com\/wp-content\/uploads\/2025\/12\/caipirinha-072816-150x150.webp 150w, https:\/\/miamihomekaraoke.com\/wp-content\/uploads\/2025\/12\/caipirinha-072816-768x768.webp 768w, https:\/\/miamihomekaraoke.com\/wp-content\/uploads\/2025\/12\/caipirinha-072816-12x12.webp 12w, https:\/\/miamihomekaraoke.com\/wp-content\/uploads\/2025\/12\/caipirinha-072816.webp 1332w\" sizes=\"auto, (max-width: 1024px) 100vw, 1024px\" \/><\/figure><div class=\"wp-block-media-text__content\">\n<p class=\"has-dmsans-font-family has-medium-font-size\">Caipi-Karaoke<br>La cl\u00e1sica caipiri\u00f1a con un giro listo para el escenario. Dulce, c\u00edtrica y lista para el micr\u00f3fono.<\/p>\n\n\n\n<p><\/p>\n<\/div><\/div>\n\n\n\n<div class=\"wp-block-media-text has-media-on-the-right is-stacked-on-mobile\" style=\"grid-template-columns:auto 21%\"><div class=\"wp-block-media-text__content\">\n<p class=\"has-dmsans-font-family has-medium-font-size\">Mojito Mic Check<br>Refrescante como la primera prueba de micr\u00f3fono antes del show. Hierbabuena y ron para empezar con flow.<\/p>\n\n\n\n<p><\/p>\n<\/div><figure class=\"wp-block-media-text__media\"><img loading=\"lazy\" decoding=\"async\" width=\"820\" height=\"1024\" src=\"https:\/\/miamihomekaraoke.com\/wp-content\/uploads\/2025\/12\/SAVEUR_Mojito_1149-Edit-scaled-1-820x1024.webp\" alt=\"\" class=\"wp-image-379 size-full\" srcset=\"https:\/\/miamihomekaraoke.com\/wp-content\/uploads\/2025\/12\/SAVEUR_Mojito_1149-Edit-scaled-1-820x1024.webp 820w, https:\/\/miamihomekaraoke.com\/wp-content\/uploads\/2025\/12\/SAVEUR_Mojito_1149-Edit-scaled-1-240x300.webp 240w, https:\/\/miamihomekaraoke.com\/wp-content\/uploads\/2025\/12\/SAVEUR_Mojito_1149-Edit-scaled-1-768x959.webp 768w, https:\/\/miamihomekaraoke.com\/wp-content\/uploads\/2025\/12\/SAVEUR_Mojito_1149-Edit-scaled-1-1229x1536.webp 1229w, https:\/\/miamihomekaraoke.com\/wp-content\/uploads\/2025\/12\/SAVEUR_Mojito_1149-Edit-scaled-1-10x12.webp 10w, https:\/\/miamihomekaraoke.com\/wp-content\/uploads\/2025\/12\/SAVEUR_Mojito_1149-Edit-scaled-1.webp 1440w\" sizes=\"auto, (max-width: 820px) 100vw, 820px\" \/><\/figure><\/div>\n\n\n\n<div class=\"wp-block-media-text is-stacked-on-mobile\" style=\"grid-template-columns:21% auto\"><figure class=\"wp-block-media-text__media\"><img loading=\"lazy\" decoding=\"async\" width=\"720\" height=\"720\" src=\"https:\/\/miamihomekaraoke.com\/wp-content\/uploads\/2025\/12\/classic-margarita-cocktail-720x720-1.jpg\" alt=\"\" class=\"wp-image-380 size-full\" srcset=\"https:\/\/miamihomekaraoke.com\/wp-content\/uploads\/2025\/12\/classic-margarita-cocktail-720x720-1.jpg 720w, https:\/\/miamihomekaraoke.com\/wp-content\/uploads\/2025\/12\/classic-margarita-cocktail-720x720-1-300x300.jpg 300w, https:\/\/miamihomekaraoke.com\/wp-content\/uploads\/2025\/12\/classic-margarita-cocktail-720x720-1-150x150.jpg 150w, https:\/\/miamihomekaraoke.com\/wp-content\/uploads\/2025\/12\/classic-margarita-cocktail-720x720-1-12x12.jpg 12w\" sizes=\"auto, (max-width: 720px) 100vw, 720px\" \/><\/figure><div class=\"wp-block-media-text__content\">\n<p class=\"has-dmsans-font-family has-medium-font-size\">Margarita High Note<br>Tequila y lim\u00f3n que suben como una nota aguda. Perfecto para cantar con fuerza.<\/p>\n\n\n\n<p><\/p>\n<\/div><\/div>\n\n\n\n<div class=\"wp-block-media-text has-media-on-the-right is-stacked-on-mobile\" style=\"grid-template-columns:auto 21%\"><div class=\"wp-block-media-text__content\">\n<p class=\"has-dmsans-font-family has-medium-font-size\">Pi\u00f1a Colada Backstage<br>Suave, cremoso y tropical. Justo para relajarse entre canciones<\/p>\n\n\n\n<p><\/p>\n<\/div><figure class=\"wp-block-media-text__media\"><img loading=\"lazy\" decoding=\"async\" width=\"836\" height=\"1024\" src=\"https:\/\/miamihomekaraoke.com\/wp-content\/uploads\/2025\/12\/Pina-colada-6-836x1024.webp\" alt=\"\" class=\"wp-image-381 size-full\" srcset=\"https:\/\/miamihomekaraoke.com\/wp-content\/uploads\/2025\/12\/Pina-colada-6-836x1024.webp 836w, https:\/\/miamihomekaraoke.com\/wp-content\/uploads\/2025\/12\/Pina-colada-6-245x300.webp 245w, https:\/\/miamihomekaraoke.com\/wp-content\/uploads\/2025\/12\/Pina-colada-6-768x940.webp 768w, https:\/\/miamihomekaraoke.com\/wp-content\/uploads\/2025\/12\/Pina-colada-6-10x12.webp 10w, https:\/\/miamihomekaraoke.com\/wp-content\/uploads\/2025\/12\/Pina-colada-6.webp 980w\" sizes=\"auto, (max-width: 836px) 100vw, 836px\" \/><\/figure><\/div>\n\n\n\n<div class=\"wp-block-media-text is-stacked-on-mobile\" style=\"grid-template-columns:21% auto\"><figure class=\"wp-block-media-text__media\"><img loading=\"lazy\" decoding=\"async\" width=\"1024\" height=\"1024\" src=\"https:\/\/miamihomekaraoke.com\/wp-content\/uploads\/2025\/12\/FrozenDaiquiri_RECIPE_042623_52231_VOG_final-1024x1024.webp\" alt=\"\" class=\"wp-image-382 size-full\" srcset=\"https:\/\/miamihomekaraoke.com\/wp-content\/uploads\/2025\/12\/FrozenDaiquiri_RECIPE_042623_52231_VOG_final-1024x1024.webp 1024w, https:\/\/miamihomekaraoke.com\/wp-content\/uploads\/2025\/12\/FrozenDaiquiri_RECIPE_042623_52231_VOG_final-300x300.webp 300w, https:\/\/miamihomekaraoke.com\/wp-content\/uploads\/2025\/12\/FrozenDaiquiri_RECIPE_042623_52231_VOG_final-150x150.webp 150w, https:\/\/miamihomekaraoke.com\/wp-content\/uploads\/2025\/12\/FrozenDaiquiri_RECIPE_042623_52231_VOG_final-768x768.webp 768w, https:\/\/miamihomekaraoke.com\/wp-content\/uploads\/2025\/12\/FrozenDaiquiri_RECIPE_042623_52231_VOG_final-1536x1536.webp 1536w, https:\/\/miamihomekaraoke.com\/wp-content\/uploads\/2025\/12\/FrozenDaiquiri_RECIPE_042623_52231_VOG_final-2048x2048.webp 2048w, https:\/\/miamihomekaraoke.com\/wp-content\/uploads\/2025\/12\/FrozenDaiquiri_RECIPE_042623_52231_VOG_final-12x12.webp 12w\" sizes=\"auto, (max-width: 1024px) 100vw, 1024px\" \/><\/figure><div class=\"wp-block-media-text__content\">\n<p class=\"has-dmsans-font-family has-medium-font-size\">Daiquiri Solo<br>Ligero, vibrante y afinado. Ideal para abrir la noche con estilo.<\/p>\n\n\n\n<p><\/p>\n<\/div><\/div>\n\n\n\n<div class=\"wp-block-media-text has-media-on-the-right is-stacked-on-mobile\" style=\"grid-template-columns:auto 21%\"><div class=\"wp-block-media-text__content\">\n<p class=\"has-dmsans-font-family has-medium-font-size\">Mic Drop Sunset<br>Vodka, naranja y granadina con un final espectacular. Como cerrar el show con aplausos<\/p>\n\n\n\n<p><\/p>\n<\/div><figure class=\"wp-block-media-text__media\"><img loading=\"lazy\" decoding=\"async\" width=\"1024\" height=\"1024\" src=\"https:\/\/miamihomekaraoke.com\/wp-content\/uploads\/2025\/12\/vodka-sunrise-featured-image-1-1024x1024.jpg\" alt=\"\" class=\"wp-image-384 size-full\" srcset=\"https:\/\/miamihomekaraoke.com\/wp-content\/uploads\/2025\/12\/vodka-sunrise-featured-image-1-1024x1024.jpg 1024w, https:\/\/miamihomekaraoke.com\/wp-content\/uploads\/2025\/12\/vodka-sunrise-featured-image-1-300x300.jpg 300w, https:\/\/miamihomekaraoke.com\/wp-content\/uploads\/2025\/12\/vodka-sunrise-featured-image-1-150x150.jpg 150w, https:\/\/miamihomekaraoke.com\/wp-content\/uploads\/2025\/12\/vodka-sunrise-featured-image-1-768x768.jpg 768w, https:\/\/miamihomekaraoke.com\/wp-content\/uploads\/2025\/12\/vodka-sunrise-featured-image-1-12x12.jpg 12w, https:\/\/miamihomekaraoke.com\/wp-content\/uploads\/2025\/12\/vodka-sunrise-featured-image-1.jpg 1200w\" sizes=\"auto, (max-width: 1024px) 100vw, 1024px\" \/><\/figure><\/div>\n\n\n\n<div class=\"wp-block-media-text is-stacked-on-mobile\" style=\"grid-template-columns:21% auto\"><figure class=\"wp-block-media-text__media\"><img loading=\"lazy\" decoding=\"async\" width=\"1024\" height=\"1024\" src=\"https:\/\/miamihomekaraoke.com\/wp-content\/uploads\/2025\/12\/Rum-Punch-cocktail-RC-1024x1024.jpg\" alt=\"\" class=\"wp-image-385 size-full\" srcset=\"https:\/\/miamihomekaraoke.com\/wp-content\/uploads\/2025\/12\/Rum-Punch-cocktail-RC-1024x1024.jpg 1024w, https:\/\/miamihomekaraoke.com\/wp-content\/uploads\/2025\/12\/Rum-Punch-cocktail-RC-300x300.jpg 300w, https:\/\/miamihomekaraoke.com\/wp-content\/uploads\/2025\/12\/Rum-Punch-cocktail-RC-150x150.jpg 150w, https:\/\/miamihomekaraoke.com\/wp-content\/uploads\/2025\/12\/Rum-Punch-cocktail-RC-768x768.jpg 768w, https:\/\/miamihomekaraoke.com\/wp-content\/uploads\/2025\/12\/Rum-Punch-cocktail-RC-12x12.jpg 12w, https:\/\/miamihomekaraoke.com\/wp-content\/uploads\/2025\/12\/Rum-Punch-cocktail-RC.jpg 1200w\" sizes=\"auto, (max-width: 1024px) 100vw, 1024px\" \/><\/figure><div class=\"wp-block-media-text__content\">\n<p class=\"has-dmsans-font-family has-medium-font-size\">Tropical Karaoke Punch<br>Frutal y atrevido, rompe el hielo y enciende la fiesta.<\/p>\n\n\n\n<p><\/p>\n<\/div><\/div>\n\n\n\n<div class=\"wp-block-media-text has-media-on-the-right is-stacked-on-mobile\" style=\"grid-template-columns:auto 21%\"><div class=\"wp-block-media-text__content\">\n<p class=\"has-dmsans-font-family has-medium-font-size\">Coco Mic Crazy<br>Ron, tequila y crema de coco para perder la timidez y soltar el flow.<\/p>\n\n\n\n<p><\/p>\n<\/div><figure class=\"wp-block-media-text__media\"><img loading=\"lazy\" decoding=\"async\" width=\"683\" height=\"1024\" src=\"https:\/\/miamihomekaraoke.com\/wp-content\/uploads\/2025\/12\/coconut-margarita-683x1024.webp\" alt=\"\" class=\"wp-image-386 size-full\" srcset=\"https:\/\/miamihomekaraoke.com\/wp-content\/uploads\/2025\/12\/coconut-margarita-683x1024.webp 683w, https:\/\/miamihomekaraoke.com\/wp-content\/uploads\/2025\/12\/coconut-margarita-200x300.webp 200w, https:\/\/miamihomekaraoke.com\/wp-content\/uploads\/2025\/12\/coconut-margarita-768x1152.webp 768w, https:\/\/miamihomekaraoke.com\/wp-content\/uploads\/2025\/12\/coconut-margarita-1024x1536.webp 1024w, https:\/\/miamihomekaraoke.com\/wp-content\/uploads\/2025\/12\/coconut-margarita-1365x2048.webp 1365w, https:\/\/miamihomekaraoke.com\/wp-content\/uploads\/2025\/12\/coconut-margarita-8x12.webp 8w, https:\/\/miamihomekaraoke.com\/wp-content\/uploads\/2025\/12\/coconut-margarita.webp 1500w\" sizes=\"auto, (max-width: 683px) 100vw, 683px\" \/><\/figure><\/div>\n\n\n\n<div class=\"wp-block-media-text is-stacked-on-mobile\" style=\"grid-template-columns:21% auto\"><figure class=\"wp-block-media-text__media\"><img loading=\"lazy\" decoding=\"async\" width=\"187\" height=\"269\" src=\"https:\/\/miamihomekaraoke.com\/wp-content\/uploads\/2025\/12\/images.jpg\" alt=\"\" class=\"wp-image-387 size-full\" srcset=\"https:\/\/miamihomekaraoke.com\/wp-content\/uploads\/2025\/12\/images.jpg 187w, https:\/\/miamihomekaraoke.com\/wp-content\/uploads\/2025\/12\/images-8x12.jpg 8w\" sizes=\"auto, (max-width: 187px) 100vw, 187px\" \/><\/figure><div class=\"wp-block-media-text__content\">\n<p class=\"has-dmsans-font-family has-medium-font-size\">Strawberry Melody<\/p>\n\n\n\n<p class=\"has-dmsans-font-family has-medium-font-size\">Dulce, rom\u00e1ntico y afinado. Perfecto para baladas con sentimiento.<\/p>\n<\/div><\/div>\n\n\n\n<div class=\"wp-block-media-text has-media-on-the-right is-stacked-on-mobile\" style=\"grid-template-columns:auto 21%\"><div class=\"wp-block-media-text__content\">\n<p class=\"has-dmsans-font-family has-medium-font-size\">Mango Vocal Mix<br>Mango fresco y soda para improvisadores. Refrescante como un freestyle.<\/p>\n\n\n\n<p><\/p>\n<\/div><figure class=\"wp-block-media-text__media\"><img loading=\"lazy\" decoding=\"async\" width=\"683\" height=\"1024\" src=\"https:\/\/miamihomekaraoke.com\/wp-content\/uploads\/2025\/12\/mango-rum-cocktail-1-683x1024.jpg\" alt=\"\" class=\"wp-image-388 size-full\" srcset=\"https:\/\/miamihomekaraoke.com\/wp-content\/uploads\/2025\/12\/mango-rum-cocktail-1-683x1024.jpg 683w, https:\/\/miamihomekaraoke.com\/wp-content\/uploads\/2025\/12\/mango-rum-cocktail-1-200x300.jpg 200w, https:\/\/miamihomekaraoke.com\/wp-content\/uploads\/2025\/12\/mango-rum-cocktail-1-768x1152.jpg 768w, https:\/\/miamihomekaraoke.com\/wp-content\/uploads\/2025\/12\/mango-rum-cocktail-1-1024x1536.jpg 1024w, https:\/\/miamihomekaraoke.com\/wp-content\/uploads\/2025\/12\/mango-rum-cocktail-1-8x12.jpg 8w, https:\/\/miamihomekaraoke.com\/wp-content\/uploads\/2025\/12\/mango-rum-cocktail-1.jpg 1200w\" sizes=\"auto, (max-width: 683px) 100vw, 683px\" \/><\/figure><\/div>\n\n\n\n<div class=\"wp-block-media-text is-stacked-on-mobile\" style=\"grid-template-columns:21% auto\"><figure class=\"wp-block-media-text__media\"><img loading=\"lazy\" decoding=\"async\" width=\"1024\" height=\"1024\" src=\"https:\/\/miamihomekaraoke.com\/wp-content\/uploads\/2025\/12\/ingredient_passion-fruit-liqueur_1x1_2aacf81769b6f451c4bc5d72409cb48a-1024x1024.jpg\" alt=\"\" class=\"wp-image-389 size-full\" srcset=\"https:\/\/miamihomekaraoke.com\/wp-content\/uploads\/2025\/12\/ingredient_passion-fruit-liqueur_1x1_2aacf81769b6f451c4bc5d72409cb48a-1024x1024.jpg 1024w, https:\/\/miamihomekaraoke.com\/wp-content\/uploads\/2025\/12\/ingredient_passion-fruit-liqueur_1x1_2aacf81769b6f451c4bc5d72409cb48a-300x300.jpg 300w, https:\/\/miamihomekaraoke.com\/wp-content\/uploads\/2025\/12\/ingredient_passion-fruit-liqueur_1x1_2aacf81769b6f451c4bc5d72409cb48a-150x150.jpg 150w, https:\/\/miamihomekaraoke.com\/wp-content\/uploads\/2025\/12\/ingredient_passion-fruit-liqueur_1x1_2aacf81769b6f451c4bc5d72409cb48a-768x768.jpg 768w, https:\/\/miamihomekaraoke.com\/wp-content\/uploads\/2025\/12\/ingredient_passion-fruit-liqueur_1x1_2aacf81769b6f451c4bc5d72409cb48a-1536x1536.jpg 1536w, https:\/\/miamihomekaraoke.com\/wp-content\/uploads\/2025\/12\/ingredient_passion-fruit-liqueur_1x1_2aacf81769b6f451c4bc5d72409cb48a-2048x2048.jpg 2048w, https:\/\/miamihomekaraoke.com\/wp-content\/uploads\/2025\/12\/ingredient_passion-fruit-liqueur_1x1_2aacf81769b6f451c4bc5d72409cb48a-12x12.jpg 12w\" sizes=\"auto, (max-width: 1024px) 100vw, 1024px\" \/><\/figure><div class=\"wp-block-media-text__content\">\n<p class=\"has-dmsans-font-family has-medium-font-size\">Passionfruit High Pitch<br>\u00c1cido y en\u00e9rgico, perfecto para subir el tono y encender el escenario.<\/p>\n\n\n\n<p><\/p>\n<\/div><\/div>\n\n\n\n<div class=\"wp-block-media-text has-media-on-the-right is-stacked-on-mobile\" style=\"grid-template-columns:auto 21%\"><div class=\"wp-block-media-text__content\">\n<p class=\"has-medium-font-size\">Start the Show Shot<br>Vodka y lim\u00f3n para encender el primer verso. \u00a1Que empiece el show!<\/p>\n\n\n\n<p><\/p>\n\n\n\n<p><\/p>\n<\/div><figure class=\"wp-block-media-text__media\"><img loading=\"lazy\" decoding=\"async\" width=\"1024\" height=\"1024\" src=\"https:\/\/miamihomekaraoke.com\/wp-content\/uploads\/2025\/12\/Lemon-Drop-Shot-7-1024x1024.jpg\" alt=\"\" class=\"wp-image-390 size-full\" srcset=\"https:\/\/miamihomekaraoke.com\/wp-content\/uploads\/2025\/12\/Lemon-Drop-Shot-7-1024x1024.jpg 1024w, https:\/\/miamihomekaraoke.com\/wp-content\/uploads\/2025\/12\/Lemon-Drop-Shot-7-300x300.jpg 300w, https:\/\/miamihomekaraoke.com\/wp-content\/uploads\/2025\/12\/Lemon-Drop-Shot-7-150x150.jpg 150w, https:\/\/miamihomekaraoke.com\/wp-content\/uploads\/2025\/12\/Lemon-Drop-Shot-7-768x768.jpg 768w, https:\/\/miamihomekaraoke.com\/wp-content\/uploads\/2025\/12\/Lemon-Drop-Shot-7-12x12.jpg 12w, https:\/\/miamihomekaraoke.com\/wp-content\/uploads\/2025\/12\/Lemon-Drop-Shot-7.jpg 1200w\" sizes=\"auto, (max-width: 1024px) 100vw, 1024px\" \/><\/figure><\/div>\n\n\n\n<p><\/p>\n\n\n\n<p><\/p>\n\n\n\n<p><\/p>\n\n\n\n<p><\/p>\n\n\n\n<p><\/p>\n\n\n\n<p><\/p>\n\n\n\n<p class=\"has-text-align-center has-dmsans-font-family\" style=\"font-size:clamp(16.834px, 1.052rem + ((1vw - 3.2px) * 1.175), 26px);\"><strong>\u00a1Mezclamos los c\u00f3cteles con los que sue\u00f1as! \ud83c\udf78\ud83c\udfb6<br>Desde los cl\u00e1sicos hasta las creaciones personalizadas, Miami Home Karaoke hace realidad tu c\u00f3ctel perfecto. \ud83c\udf78\ud83c\udfa4\u2728<br>Dinos tu sabor y lo haremos realidad\u2014porque cada fiesta merece su propio c\u00f3ctel exclusivo. \ud83c\udf78\ud83c\udfa4\u2728<\/strong><\/p>\n<\/div><\/div>\n\n\n\n<p><\/p>","protected":false},"excerpt":{"rendered":"","protected":false},"author":1,"featured_media":376,"parent":0,"menu_order":0,"comment_status":"closed","ping_status":"closed","template":"","meta":{"footnotes":""},"class_list":["post-370","page","type-page","status-publish","has-post-thumbnail","hentry"],"_hostinger_reach_plugin_has_subscription_block":false,"_hostinger_reach_plugin_is_elementor":false,"_links":{"self":[{"href":"https:\/\/miamihomekaraoke.com\/es\/wp-json\/wp\/v2\/pages\/370","targetHints":{"allow":["GET"]}}],"collection":[{"href":"https:\/\/miamihomekaraoke.com\/es\/wp-json\/wp\/v2\/pages"}],"about":[{"href":"https:\/\/miamihomekaraoke.com\/es\/wp-json\/wp\/v2\/types\/page"}],"author":[{"embeddable":true,"href":"https:\/\/miamihomekaraoke.com\/es\/wp-json\/wp\/v2\/users\/1"}],"replies":[{"embeddable":true,"href":"https:\/\/miamihomekaraoke.com\/es\/wp-json\/wp\/v2\/comments?post=370"}],"version-history":[{"count":4,"href":"https:\/\/miamihomekaraoke.com\/es\/wp-json\/wp\/v2\/pages\/370\/revisions"}],"predecessor-version":[{"id":393,"href":"https:\/\/miamihomekaraoke.com\/es\/wp-json\/wp\/v2\/pages\/370\/revisions\/393"}],"wp:featuredmedia":[{"embeddable":true,"href":"https:\/\/miamihomekaraoke.com\/es\/wp-json\/wp\/v2\/media\/376"}],"wp:attachment":[{"href":"https:\/\/miamihomekaraoke.com\/es\/wp-json\/wp\/v2\/media?parent=370"}],"curies":[{"name":"wp","href":"https:\/\/api.w.org\/{rel}","templated":true}]}}