{"id":55,"date":"2025-11-14T18:16:31","date_gmt":"2025-11-14T18:16:31","guid":{"rendered":"https:\/\/khaki-walrus-564939.hostingersite.com\/home\/"},"modified":"2025-12-02T00:08:36","modified_gmt":"2025-12-02T00:08:36","slug":"karaoke-miami","status":"publish","type":"page","link":"https:\/\/miamihomekaraoke.com\/es\/","title":{"rendered":"karaoke home"},"content":{"rendered":"<div class=\"wp-block-cover alignfull has-parallax\" style=\"min-height:523px;aspect-ratio:unset;\"><div class=\"wp-block-cover__image-background wp-image-94 size-full has-parallax\" style=\"background-position:50% 50%;background-image:url(https:\/\/miamihomekaraoke.com\/wp-content\/uploads\/2025\/11\/ChatGPT-Image-14-nov-2025-14_50_48-2.png)\"><\/div><span aria-hidden=\"true\" class=\"wp-block-cover__background has-background-dim\" style=\"background-color:#2c274a\"><\/span><div class=\"wp-block-cover__inner-container has-global-padding is-layout-constrained wp-block-cover-is-layout-constrained\">\n<div class=\"wp-block-group alignfull hostinger-ai-about-us-3 hostinger-ai-fade-up has-global-padding is-layout-constrained wp-block-group-is-layout-constrained\" data-aos=\"fade-up\">\n<div class=\"wp-block-group alignwide hostinger-ai-fade-up is-layout-grid wp-container-core-group-is-layout-422a8eaf wp-block-group-is-layout-grid\" data-aos=\"fade-up\" style=\"padding-top:var(--wp--preset--spacing--60);padding-right:0;padding-bottom:var(--wp--preset--spacing--60);padding-left:0\">\n<div class=\"wp-block-group hostinger-ai-fade-up wp-container-content-5e2576f9 is-vertical is-content-justification-center is-nowrap is-layout-flex wp-container-core-group-is-layout-a580d41b wp-block-group-is-layout-flex\" data-aos=\"fade-up\" style=\"padding-right:var(--wp--preset--spacing--60);padding-left:0\">\n<h2 class=\"wp-block-heading has-text-align-left hostinger-ai-title has-color-1-color has-color-2-background-color has-text-color has-background has-link-color has-dmsans-font-family has-x-large-font-size wp-elements-57372486167d2840804f71c4860bcae9\" style=\"margin-top:0;margin-right:0;margin-bottom:0;margin-left:0;padding-bottom:var(--wp--preset--spacing--80)\">\u00a1Tu Fiesta, Tu Karaoke, Tu Diversi\u00f3n!<\/h2>\n\n\n\n<p class=\"hostinger-ai-description has-vivid-purple-color has-color-2-background-color has-text-color has-background has-link-color has-dmsans-font-family wp-elements-8af4f3566a130ed45ee11424b91669f2 wp-container-content-9cfa9a5a\" style=\"margin-top:0;margin-right:0;margin-bottom:0;margin-left:0;font-size:clamp(14.082px, 0.88rem + ((1vw - 3.2px) * 0.887), 21px);\">\u201cLlevamos la fiesta hasta ti con karaoke premium, sonido profesional, iluminaci\u00f3n vibrante y un servicio de bartending de primera.\u201d<\/p>\n<\/div>\n\n\n\n<div class=\"wp-block-group hostinger-ai-fade-up wp-container-content-5e2576f9 is-layout-grid wp-container-core-group-is-layout-478b6e6b wp-block-group-is-layout-grid\" data-aos=\"fade-up\">\n<figure class=\"wp-block-image size-full has-custom-border hostinger-ai-image hostinger-index-4 is-style-rounded wp-container-content-69bc4bdf\"><img decoding=\"async\" src=\"https:\/\/images.unsplash.com\/photo-1683195298583-e23df822472f?q=85&amp;w=273&amp;h=462&amp;fit=crop\" alt=\"A dimly lit indoor stage features microphones and audio equipment on the floor. People are sitting casually around the stage area, creating a relaxed and intimate atmosphere. In the background, a bright screen displays text and provides the primary source of light in the room.\" class=\"wp-image-478\" style=\"border-radius:20px\"\/><\/figure>\n\n\n\n<figure class=\"wp-block-embed is-type-video is-provider-youtube wp-block-embed-youtube wp-embed-aspect-16-9 wp-has-aspect-ratio\"><div class=\"wp-block-embed__wrapper\">\n<iframe loading=\"lazy\" title=\"https:\/\/youtu.be\/GrutHGuOJFU\" width=\"500\" height=\"281\" src=\"https:\/\/www.youtube.com\/embed\/GrutHGuOJFU?feature=oembed\" frameborder=\"0\" allow=\"accelerometer; autoplay; clipboard-write; encrypted-media; gyroscope; picture-in-picture; web-share\" referrerpolicy=\"strict-origin-when-cross-origin\" allowfullscreen><\/iframe>\n<\/div><\/figure>\n\n\n\n\n\n<p class=\"has-text-align-center has-large-font-size wp-container-content-69bc4bdf\"><\/p>\n<\/div>\n<\/div>\n<\/div>\n<\/div><\/div>\n\n\n\n<div class=\"wp-block-cover alignfull has-parallax has-dmsans-font-family\"><div class=\"wp-block-cover__image-background wp-image-283 size-full has-parallax\" style=\"background-position:50% 50%;background-image:url(https:\/\/miamihomekaraoke.com\/wp-content\/uploads\/2025\/11\/vintage-vocal-microphone-on-concert-600nw-2281873331.webp)\"><\/div><span aria-hidden=\"true\" class=\"wp-block-cover__background has-background-dim\" style=\"background-color:#4468c2\"><\/span><div class=\"wp-block-cover__inner-container has-global-padding is-layout-constrained wp-block-cover-is-layout-constrained\">\n<p class=\"has-text-align-center has-dmsans-font-family has-large-font-size\"><font dir=\"auto\" style=\"vertical-align: inherit;\"><font dir=\"auto\" style=\"vertical-align: inherit;\">En <strong>Miami Home KARAOKE<\/strong>llevamos la fiesta directamente a tu hogar, evento o empresa. Somos especialistas en <strong>servicios de karaoke a domicilio en Miami<\/strong> ofreciendo <strong>audio profesional, iluminaci\u00f3n LED, pantallas, micr\u00f3fonos inal\u00e1mbricos y un cat\u00e1logo de miles de canciones en espa\u00f1ol e ingl\u00e9s<\/strong> para que vivas una experiencia inolvidable.<\/font><\/font><\/p>\n\n\n\n<p style=\"text-transform:uppercase\">Adem\u00e1s, contamos con<strong> servicio de bartender para eventos en Miami,<\/strong> ideal para cumplea\u00f1os, bodas, fiestas privadas, eventos corporativos y celebraciones especiales. Nuestro equipo prepara <strong>cocteles profesionales,<\/strong>brinda atenci\u00f3n personalizada y crea un ambiente \u00fanico con <strong>barra m\u00f3vil, luces ambientales y sonido de alta calidad.<\/strong>.<\/p>\n\n\n\n<h3 class=\"wp-block-heading\" style=\"text-transform:uppercase\"><strong>\u00bfPor qu\u00e9 elegir Miami Home Karaoke?<\/strong><\/h3>\n\n\n\n<ul class=\"wp-block-list\">\n<li><strong>Equipos de sonido profesional<\/strong> y <strong>luces de escenario<\/strong><\/li>\n\n\n\n<li>Cat\u00e1logo actualizado de canciones con <strong>versiones en 4K.<\/strong><\/li>\n\n\n\n<li><strong>Bartenders capacitados<\/strong> y show de cocteler\u00eda.<\/li>\n\n\n\n<li>Servicios disponibles <strong>24\/7 en Miami y \u00e1reas cercanas.<\/strong><\/li>\n\n\n\n<li>Montaje r\u00e1pido, puntualidad y atenci\u00f3n personalizada.<\/li>\n<\/ul>\n\n\n\n<h3 class=\"wp-block-heading\"><strong>Eleva tu evento con nosotros<\/strong><\/h3>\n\n\n\n<p class=\"has-text-align-center has-large-font-size\">Si buscas <strong>karaoke a domicilio en Miami<\/strong> o un <strong>bartender profesional para tu fiesta<\/strong>, somos tu mejor opci\u00f3n. Convertimos cualquier espacio en un verdadero show, con tecnolog\u00eda moderna y un estilo \u00fanico que har\u00e1 brillar tu celebraci\u00f3n.<\/p>\n<\/div><\/div>\n\n\n\n<div class=\"wp-block-cover alignfull has-custom-content-position is-position-center-right\" style=\"min-height:457px;aspect-ratio:unset;\"><img loading=\"lazy\" decoding=\"async\" width=\"600\" height=\"473\" class=\"wp-block-cover__image-background wp-image-102 size-full\" alt=\"\" src=\"https:\/\/miamihomekaraoke.com\/wp-content\/uploads\/2025\/11\/BARTENDER-2.webp\" data-object-fit=\"cover\" srcset=\"https:\/\/miamihomekaraoke.com\/wp-content\/uploads\/2025\/11\/BARTENDER-2.webp 600w, https:\/\/miamihomekaraoke.com\/wp-content\/uploads\/2025\/11\/BARTENDER-2-300x237.webp 300w\" sizes=\"auto, (max-width: 600px) 100vw, 600px\" \/><span aria-hidden=\"true\" class=\"wp-block-cover__background has-background-dim\" style=\"background-color:#4f4443\"><\/span><div class=\"wp-block-cover__inner-container has-global-padding is-layout-constrained wp-block-cover-is-layout-constrained\">\n<div class=\"wp-block-cover has-custom-content-position is-position-center-left\" style=\"min-height:115px;aspect-ratio:unset;\"><img loading=\"lazy\" decoding=\"async\" width=\"540\" height=\"360\" class=\"wp-block-cover__image-background wp-image-104 size-full\" alt=\"\" src=\"https:\/\/miamihomekaraoke.com\/wp-content\/uploads\/2025\/11\/BARTENDR.jpg\" data-object-fit=\"cover\" srcset=\"https:\/\/miamihomekaraoke.com\/wp-content\/uploads\/2025\/11\/BARTENDR.jpg 540w, https:\/\/miamihomekaraoke.com\/wp-content\/uploads\/2025\/11\/BARTENDR-300x200.jpg 300w\" sizes=\"auto, (max-width: 540px) 100vw, 540px\" \/><span aria-hidden=\"true\" class=\"wp-block-cover__background has-background-dim\" style=\"background-color:#2e2b2a\"><\/span><div class=\"wp-block-cover__inner-container has-global-padding is-layout-constrained wp-block-cover-is-layout-constrained\">\n<p class=\"has-text-align-center has-dmsans-font-family has-large-font-size\">Proyecciones de juegos deportivos para llevar la emoci\u00f3n directamente a tu sala.<\/p>\n<\/div><\/div>\n\n\n\n<div class=\"wp-block-cover\" style=\"min-height:100px;aspect-ratio:unset;\"><img decoding=\"async\" class=\"wp-block-cover__image-background wp-image-160\" alt=\"A camera on a tripod is prominently displayed with its viewfinder screen showing footage of an indoor sports event. The background is an indoor sports hall with a blue floor, and numerous spectators are faintly visible.\" src=\"https:\/\/images.unsplash.com\/photo-1495614307981-a35deef2d69a?q=85&amp;w=340&amp;h=340&amp;fit=crop\" style=\"object-position:30% 45%\" data-object-fit=\"cover\" data-object-position=\"30% 45%\"\/><span aria-hidden=\"true\" class=\"wp-block-cover__background has-background-dim\"><\/span><div class=\"wp-block-cover__inner-container is-layout-flow wp-block-cover-is-layout-flow\">\n<p class=\"has-text-align-center has-dmsans-font-family has-large-font-size\">Proyecciones de juegos deportivos para llevar la emoci\u00f3n directamente a tu sala<\/p>\n<\/div><\/div>\n\n\n\n<div class=\"wp-block-cover\" style=\"min-height:103px;aspect-ratio:unset;\"><img loading=\"lazy\" decoding=\"async\" width=\"612\" height=\"408\" class=\"wp-block-cover__image-background wp-image-105 size-full\" alt=\"\" src=\"https:\/\/miamihomekaraoke.com\/wp-content\/uploads\/2025\/11\/KARAOKE.jpg\" style=\"object-position:63% 33%\" data-object-fit=\"cover\" data-object-position=\"63% 33%\" srcset=\"https:\/\/miamihomekaraoke.com\/wp-content\/uploads\/2025\/11\/KARAOKE.jpg 612w, https:\/\/miamihomekaraoke.com\/wp-content\/uploads\/2025\/11\/KARAOKE-300x200.jpg 300w\" sizes=\"auto, (max-width: 612px) 100vw, 612px\" \/><span aria-hidden=\"true\" class=\"wp-block-cover__background has-background-dim\" style=\"background-color:#4b535d\"><\/span><div class=\"wp-block-cover__inner-container has-global-padding is-layout-constrained wp-block-cover-is-layout-constrained\">\n<p class=\"has-text-align-center has-dmsans-font-family has-large-font-size\">Paquetes de karaoke para todo tipo de evento, desde cumplea\u00f1os hasta bodas<\/p>\n<\/div><\/div>\n\n\n\n<div class=\"wp-block-group hostinger-ai-fade-up has-global-padding is-layout-constrained wp-container-core-group-is-layout-29a8626f wp-block-group-is-layout-constrained\" data-aos=\"fade-up\" style=\"padding-top:0;padding-right:var(--wp--preset--spacing--20);padding-bottom:0;padding-left:var(--wp--preset--spacing--20)\"><\/div>\n<\/div><\/div>\n\n\n\n\n\n<figure class=\"wp-block-embed is-type-video is-provider-youtube wp-block-embed-youtube wp-embed-aspect-16-9 wp-has-aspect-ratio\"><div class=\"wp-block-embed__wrapper\">\n<iframe loading=\"lazy\" title=\"El Origen del Karaoke\" width=\"500\" height=\"281\" src=\"https:\/\/www.youtube.com\/embed\/bSeZIUmNmmw?feature=oembed\" frameborder=\"0\" allow=\"accelerometer; autoplay; clipboard-write; encrypted-media; gyroscope; picture-in-picture; web-share\" referrerpolicy=\"strict-origin-when-cross-origin\" allowfullscreen><\/iframe>\n<\/div><\/figure>\n\n\n\n<div class=\"wp-block-group alignfull hostinger-ai-solid-block hostinger-ai-fade-up has-global-padding is-layout-constrained wp-block-group-is-layout-constrained\" data-aos=\"fade-up\" style=\"padding-top:var(--wp--preset--spacing--60);padding-bottom:var(--wp--preset--spacing--60)\">\n<div class=\"wp-block-group alignwide hostinger-ai-fade-up has-color-3-background-color has-background is-vertical is-content-justification-center is-nowrap is-layout-flex wp-container-core-group-is-layout-4cc6ee0a wp-block-group-is-layout-flex\" data-aos=\"fade-up\" style=\"min-height:0px;padding-top:0;padding-bottom:0\"><\/div>\n\n\n\n<div class=\"wp-block-cover\"><img loading=\"lazy\" decoding=\"async\" width=\"1024\" height=\"1024\" class=\"wp-block-cover__image-background wp-image-153 size-full\" alt=\"\" src=\"https:\/\/miamihomekaraoke.com\/wp-content\/uploads\/2025\/11\/logo-1.jpg\" data-object-fit=\"cover\" srcset=\"https:\/\/miamihomekaraoke.com\/wp-content\/uploads\/2025\/11\/logo-1.jpg 1024w, https:\/\/miamihomekaraoke.com\/wp-content\/uploads\/2025\/11\/logo-1-300x300.jpg 300w, https:\/\/miamihomekaraoke.com\/wp-content\/uploads\/2025\/11\/logo-1-150x150.jpg 150w, https:\/\/miamihomekaraoke.com\/wp-content\/uploads\/2025\/11\/logo-1-768x768.jpg 768w\" sizes=\"auto, (max-width: 1024px) 100vw, 1024px\" \/><span aria-hidden=\"true\" class=\"wp-block-cover__background has-background-dim\" style=\"background-color:#2c2856\"><\/span><div class=\"wp-block-cover__inner-container has-global-padding is-layout-constrained wp-block-cover-is-layout-constrained\">\n<div class=\"wp-block-contact-form-7-contact-form-selector\">\n<div class=\"wpcf7 no-js\" id=\"wpcf7-f176-o1\" lang=\"es-CO\" dir=\"ltr\" data-wpcf7-id=\"176\">\n<div class=\"screen-reader-response\"><p role=\"status\" aria-live=\"polite\" aria-atomic=\"true\"><\/p> <ul><\/ul><\/div>\n<form action=\"\/es\/wp-json\/wp\/v2\/pages\/55#wpcf7-f176-o1\" method=\"post\" class=\"wpcf7-form init\" aria-label=\"Formulario de contacto\" novalidate=\"novalidate\" data-status=\"init\" data-trp-original-action=\"\/es\/wp-json\/wp\/v2\/pages\/55#wpcf7-f176-o1\">\n<fieldset class=\"hidden-fields-container\"><input type=\"hidden\" name=\"_wpcf7\" value=\"176\" \/><input type=\"hidden\" name=\"_wpcf7_version\" value=\"6.1.4\" \/><input type=\"hidden\" name=\"_wpcf7_locale\" value=\"es_CO\" \/><input type=\"hidden\" name=\"_wpcf7_unit_tag\" value=\"wpcf7-f176-o1\" \/><input type=\"hidden\" name=\"_wpcf7_container_post\" value=\"0\" \/><input type=\"hidden\" name=\"_wpcf7_posted_data_hash\" value=\"\" \/>\n<\/fieldset>\n<p><label> NOMBRE<br \/>\n<span class=\"wpcf7-form-control-wrap\" data-name=\"your-name\"><input size=\"40\" maxlength=\"400\" class=\"wpcf7-form-control wpcf7-text wpcf7-validates-as-required\" autocomplete=\"name\" aria-required=\"true\" aria-invalid=\"false\" value=\"\" type=\"text\" name=\"your-name\" \/><\/span> <\/label>\n<\/p>\n<p><label> EMAIL<br \/>\n<span class=\"wpcf7-form-control-wrap\" data-name=\"your-email\"><input size=\"40\" maxlength=\"400\" class=\"wpcf7-form-control wpcf7-email wpcf7-validates-as-required wpcf7-text wpcf7-validates-as-email\" autocomplete=\"email\" aria-required=\"true\" aria-invalid=\"false\" value=\"\" type=\"email\" name=\"your-email\" \/><\/span> <\/label><br \/>\n<label> TELEFONO<br \/>\n<span class=\"wpcf7-form-control-wrap\" data-name=\"tel-1\"><input size=\"40\" maxlength=\"400\" class=\"wpcf7-form-control wpcf7-tel wpcf7-validates-as-required wpcf7-text wpcf7-validates-as-tel\" autocomplete=\"tel\" aria-required=\"true\" aria-invalid=\"false\" value=\"\" type=\"tel\" name=\"tel-1\" \/><\/span> <\/label>\n<\/p>\n<p><label> DATE<br \/>\n<span class=\"wpcf7-form-control-wrap\" data-name=\"date-422\"><input class=\"wpcf7-form-control wpcf7-date wpcf7-validates-as-date\" aria-invalid=\"false\" value=\"\" type=\"date\" name=\"date-422\" \/><\/span><\/label><br \/>\n<label> ASUNTO<br \/>\n<span class=\"wpcf7-form-control-wrap\" data-name=\"your-subject\"><input size=\"40\" maxlength=\"400\" class=\"wpcf7-form-control wpcf7-text wpcf7-validates-as-required\" aria-required=\"true\" aria-invalid=\"false\" value=\"\" type=\"text\" name=\"your-subject\" \/><\/span> <\/label>\n<\/p>\n<p><label> Dejanos saber que servicio buscas como podemos hacer memorable tu evento<br \/>\n<span class=\"wpcf7-form-control-wrap\" data-name=\"your-message\"><textarea cols=\"40\" rows=\"10\" maxlength=\"2000\" class=\"wpcf7-form-control wpcf7-textarea\" aria-invalid=\"false\" name=\"your-message\"><\/textarea><\/span> <\/label>\n<\/p>\n<p><input class=\"wpcf7-form-control wpcf7-submit has-spinner\" type=\"submit\" value=\"enviar\" \/>\n<\/p><div class=\"wpcf7-response-output\" aria-hidden=\"true\"><\/div>\n<input type=\"hidden\" name=\"trp-form-language\" value=\"es\"\/><\/form>\n<\/div>\n<\/div>\n\n\n\n<p class=\"has-text-align-center has-large-font-size\"><\/p>\n<\/div><\/div>\n<\/div>","protected":false},"excerpt":{"rendered":"","protected":false},"author":1,"featured_media":153,"parent":0,"menu_order":0,"comment_status":"closed","ping_status":"closed","template":"","meta":{"footnotes":""},"class_list":["post-55","page","type-page","status-publish","has-post-thumbnail","hentry"],"_hostinger_reach_plugin_has_subscription_block":false,"_hostinger_reach_plugin_is_elementor":false,"_links":{"self":[{"href":"https:\/\/miamihomekaraoke.com\/es\/wp-json\/wp\/v2\/pages\/55","targetHints":{"allow":["GET"]}}],"collection":[{"href":"https:\/\/miamihomekaraoke.com\/es\/wp-json\/wp\/v2\/pages"}],"about":[{"href":"https:\/\/miamihomekaraoke.com\/es\/wp-json\/wp\/v2\/types\/page"}],"author":[{"embeddable":true,"href":"https:\/\/miamihomekaraoke.com\/es\/wp-json\/wp\/v2\/users\/1"}],"replies":[{"embeddable":true,"href":"https:\/\/miamihomekaraoke.com\/es\/wp-json\/wp\/v2\/comments?post=55"}],"version-history":[{"count":24,"href":"https:\/\/miamihomekaraoke.com\/es\/wp-json\/wp\/v2\/pages\/55\/revisions"}],"predecessor-version":[{"id":369,"href":"https:\/\/miamihomekaraoke.com\/es\/wp-json\/wp\/v2\/pages\/55\/revisions\/369"}],"wp:featuredmedia":[{"embeddable":true,"href":"https:\/\/miamihomekaraoke.com\/es\/wp-json\/wp\/v2\/media\/153"}],"wp:attachment":[{"href":"https:\/\/miamihomekaraoke.com\/es\/wp-json\/wp\/v2\/media?parent=55"}],"curies":[{"name":"wp","href":"https:\/\/api.w.org\/{rel}","templated":true}]}}